{"id":9,"date":"2019-06-23T19:18:17","date_gmt":"2019-06-23T17:18:17","guid":{"rendered":"http:\/\/physio-fenzl.at\/wordpress\/?page_id=9"},"modified":"2024-01-05T10:05:55","modified_gmt":"2024-01-05T09:05:55","slug":"angebot","status":"publish","type":"page","link":"https:\/\/www.physio-fenzl.at\/wordpress\/angebot\/","title":{"rendered":"Angebot der Wahltherapie"},"content":{"rendered":"\n<p>F\u00fcr den Therapiebeginn ist die Bewilligung Ihrer Krankenkasse Vorraussetzung. Der daf\u00fcr notwendige&nbsp;<strong>Verordnungsschein<\/strong>&nbsp;muss folgende Angaben enthalten: Patientendaten, Diagnose, das Wort Physiotherapie, Arztstempel und Unterschrift.<\/p>\n\n\n\n<p>Kommen Sie zur Pr\u00e4vention zu mir, ben\u00f6tigen Sie keine Verordnung vom Arzt.<\/p>\n\n\n\n<p class=\"has-text-align-left\"><strong>30 Minuten Physiotherapie \u2026 57 Euro<br>45 Minuten Physiotherapie \u2026 85 Euro<br>60 Minuten Physiotherapie &#8230; 113 Euro<br><\/strong><\/p>\n\n\n\n<p>Hausbesuchspauschale  28 Euro + 0,42 Euro \/ Km<\/p>\n\n\n\n<h5>Sollten Sie einmal keine Zeit f\u00fcr die Therapie haben, so k\u00f6nnen Sie diese&nbsp; bis zu 12h vorher problemlos und kurzfristig verschieben\/absagen. F\u00fcr Absagen innerhalb der 12h vor Therapiebeginn und Nichterscheinen ,behalten wir uns aber das Recht vor 50% des ausgemachten Tarifes zu verrechnen.<\/h5>\n\n\n\n<h5>Die Bezahlung erfolgt per \u00dcberweisung am Ende einer Behandlungsserie. Zu diesem Zeitpunkt erhalten sie auch eine Honorarnote \u00fcber die gesamten Therapiekosten, welche bei der jeweiligen Krankenkasse zur Refundierung eingereicht werden kann. Auf Wunsch k\u00f6nnen auch mehrere Rechnungen zu kleineren Betr\u00e4gen ausgestellt werden.<\/h5>\n\n\n\n<h4 id=\"cc-m-header-11579047177\">Was ist Wahlphysiotherapie?<\/h4>\n\n\n\n<p>Anders als Kassentherapeuten verrechne ich meine Leistungen nicht direkt mit Ihrer Krankenkasse. Die Honorarkosten, die dabei entstehen, werden von Ihnen beglichen. Sie haben im Nachhinein die M\u00f6glichkeit einen Teil der Kosten r\u00fcckerstattet zu bekommen. Die H\u00f6he des Betrages h\u00e4ngt dabei jeweils von Ihrer Krankenkasse ab. Sollten Sie eine Zusatzversicherung, welche die Physiotherapie abdeckt, haben, ist es sogar m\u00f6glich bis zu 100% der entstandenen Kosten erstattet zu bekommen.<\/p>\n\n\n\n<h4 id=\"cc-m-header-11579047377\">Ihre Vorteile<\/h4>\n\n\n\n<ul><li>Keine langen Wartezeiten<\/li><li>Kurzfristige Terminvereinbarungen m\u00f6glich<\/li><li>Ich bin jederzeit erreichbar<\/li><li>Ich nehme mir f\u00fcr Sie und ihre Beschwerden ausreichend Zeit<\/li><\/ul>\n","protected":false},"excerpt":{"rendered":"<p>F\u00fcr den Therapiebeginn ist die Bewilligung Ihrer Krankenkasse Vorraussetzung. Der daf\u00fcr notwendige&nbsp;Verordnungsschein&nbsp;muss folgende Angaben enthalten: Patientendaten, Diagnose, das Wort Physiotherapie, Arztstempel und Unterschrift. Kommen Sie zur Pr\u00e4vention zu mir, ben\u00f6tigen Sie keine Verordnung vom Arzt. 30 Minuten Physiotherapie \u2026 57 Euro45 Minuten Physiotherapie \u2026 85 Euro60 Minuten Physiotherapie &#8230; 113 Euro Hausbesuchspauschale 28 Euro +&nbsp;&hellip;<\/p>\n","protected":false},"author":1,"featured_media":0,"parent":0,"menu_order":0,"comment_status":"closed","ping_status":"closed","template":"","meta":[],"yoast_head":"<!-- This site is optimized with the Yoast SEO plugin v19.6 - https:\/\/yoast.com\/wordpress\/plugins\/seo\/ -->\n<title>Angebot der Wahltherapie - Marcel Fenzl Physiotherapie<\/title>\n<meta name=\"robots\" content=\"index, follow, max-snippet:-1, max-image-preview:large, max-video-preview:-1\" \/>\n<link rel=\"canonical\" href=\"https:\/\/www.physio-fenzl.at\/wordpress\/angebot\/\" \/>\n<meta property=\"og:locale\" content=\"de_DE\" \/>\n<meta property=\"og:type\" content=\"article\" \/>\n<meta property=\"og:title\" content=\"Angebot der Wahltherapie - Marcel Fenzl Physiotherapie\" \/>\n<meta property=\"og:description\" content=\"F\u00fcr den Therapiebeginn ist die Bewilligung Ihrer Krankenkasse Vorraussetzung. Der daf\u00fcr notwendige&nbsp;Verordnungsschein&nbsp;muss folgende Angaben enthalten: Patientendaten, Diagnose, das Wort Physiotherapie, Arztstempel und Unterschrift. Kommen Sie zur Pr\u00e4vention zu mir, ben\u00f6tigen Sie keine Verordnung vom Arzt. 30 Minuten Physiotherapie \u2026 57 Euro45 Minuten Physiotherapie \u2026 85 Euro60 Minuten Physiotherapie &#8230; 113 Euro Hausbesuchspauschale 28 Euro +&nbsp;&hellip;\" \/>\n<meta property=\"og:url\" content=\"https:\/\/www.physio-fenzl.at\/wordpress\/angebot\/\" \/>\n<meta property=\"og:site_name\" content=\"Marcel Fenzl Physiotherapie\" \/>\n<meta property=\"article:modified_time\" content=\"2024-01-05T09:05:55+00:00\" \/>\n<meta name=\"twitter:card\" content=\"summary_large_image\" \/>\n<meta name=\"twitter:label1\" content=\"Gesch\u00e4tzte Lesezeit\" \/>\n\t<meta name=\"twitter:data1\" content=\"2 Minuten\" \/>\n<script type=\"application\/ld+json\" class=\"yoast-schema-graph\">{\"@context\":\"https:\/\/schema.org\",\"@graph\":[{\"@type\":\"WebPage\",\"@id\":\"https:\/\/www.physio-fenzl.at\/wordpress\/angebot\/\",\"url\":\"https:\/\/www.physio-fenzl.at\/wordpress\/angebot\/\",\"name\":\"Angebot der Wahltherapie - Marcel Fenzl Physiotherapie\",\"isPartOf\":{\"@id\":\"https:\/\/www.physio-fenzl.at\/wordpress\/#website\"},\"datePublished\":\"2019-06-23T17:18:17+00:00\",\"dateModified\":\"2024-01-05T09:05:55+00:00\",\"breadcrumb\":{\"@id\":\"https:\/\/www.physio-fenzl.at\/wordpress\/angebot\/#breadcrumb\"},\"inLanguage\":\"de-AT\",\"potentialAction\":[{\"@type\":\"ReadAction\",\"target\":[\"https:\/\/www.physio-fenzl.at\/wordpress\/angebot\/\"]}]},{\"@type\":\"BreadcrumbList\",\"@id\":\"https:\/\/www.physio-fenzl.at\/wordpress\/angebot\/#breadcrumb\",\"itemListElement\":[{\"@type\":\"ListItem\",\"position\":1,\"name\":\"Home\",\"item\":\"https:\/\/www.physio-fenzl.at\/wordpress\/\"},{\"@type\":\"ListItem\",\"position\":2,\"name\":\"Angebot der Wahltherapie\"}]},{\"@type\":\"WebSite\",\"@id\":\"https:\/\/www.physio-fenzl.at\/wordpress\/#website\",\"url\":\"https:\/\/www.physio-fenzl.at\/wordpress\/\",\"name\":\"Marcel Fenzl Physiotherapie\",\"description\":\"Osteopath i. A., Atemtherapie and more\",\"potentialAction\":[{\"@type\":\"SearchAction\",\"target\":{\"@type\":\"EntryPoint\",\"urlTemplate\":\"https:\/\/www.physio-fenzl.at\/wordpress\/?s={search_term_string}\"},\"query-input\":\"required name=search_term_string\"}],\"inLanguage\":\"de-AT\"}]}<\/script>\n<!-- \/ Yoast SEO plugin. -->","yoast_head_json":{"title":"Angebot der Wahltherapie - Marcel Fenzl Physiotherapie","robots":{"index":"index","follow":"follow","max-snippet":"max-snippet:-1","max-image-preview":"max-image-preview:large","max-video-preview":"max-video-preview:-1"},"canonical":"https:\/\/www.physio-fenzl.at\/wordpress\/angebot\/","og_locale":"de_DE","og_type":"article","og_title":"Angebot der Wahltherapie - Marcel Fenzl Physiotherapie","og_description":"F\u00fcr den Therapiebeginn ist die Bewilligung Ihrer Krankenkasse Vorraussetzung. Der daf\u00fcr notwendige&nbsp;Verordnungsschein&nbsp;muss folgende Angaben enthalten: Patientendaten, Diagnose, das Wort Physiotherapie, Arztstempel und Unterschrift. Kommen Sie zur Pr\u00e4vention zu mir, ben\u00f6tigen Sie keine Verordnung vom Arzt. 30 Minuten Physiotherapie \u2026 57 Euro45 Minuten Physiotherapie \u2026 85 Euro60 Minuten Physiotherapie &#8230; 113 Euro Hausbesuchspauschale 28 Euro +&nbsp;&hellip;","og_url":"https:\/\/www.physio-fenzl.at\/wordpress\/angebot\/","og_site_name":"Marcel Fenzl Physiotherapie","article_modified_time":"2024-01-05T09:05:55+00:00","twitter_card":"summary_large_image","twitter_misc":{"Gesch\u00e4tzte Lesezeit":"2 Minuten"},"schema":{"@context":"https:\/\/schema.org","@graph":[{"@type":"WebPage","@id":"https:\/\/www.physio-fenzl.at\/wordpress\/angebot\/","url":"https:\/\/www.physio-fenzl.at\/wordpress\/angebot\/","name":"Angebot der Wahltherapie - Marcel Fenzl Physiotherapie","isPartOf":{"@id":"https:\/\/www.physio-fenzl.at\/wordpress\/#website"},"datePublished":"2019-06-23T17:18:17+00:00","dateModified":"2024-01-05T09:05:55+00:00","breadcrumb":{"@id":"https:\/\/www.physio-fenzl.at\/wordpress\/angebot\/#breadcrumb"},"inLanguage":"de-AT","potentialAction":[{"@type":"ReadAction","target":["https:\/\/www.physio-fenzl.at\/wordpress\/angebot\/"]}]},{"@type":"BreadcrumbList","@id":"https:\/\/www.physio-fenzl.at\/wordpress\/angebot\/#breadcrumb","itemListElement":[{"@type":"ListItem","position":1,"name":"Home","item":"https:\/\/www.physio-fenzl.at\/wordpress\/"},{"@type":"ListItem","position":2,"name":"Angebot der Wahltherapie"}]},{"@type":"WebSite","@id":"https:\/\/www.physio-fenzl.at\/wordpress\/#website","url":"https:\/\/www.physio-fenzl.at\/wordpress\/","name":"Marcel Fenzl Physiotherapie","description":"Osteopath i. A., Atemtherapie and more","potentialAction":[{"@type":"SearchAction","target":{"@type":"EntryPoint","urlTemplate":"https:\/\/www.physio-fenzl.at\/wordpress\/?s={search_term_string}"},"query-input":"required name=search_term_string"}],"inLanguage":"de-AT"}]}},"_links":{"self":[{"href":"https:\/\/www.physio-fenzl.at\/wordpress\/wp-json\/wp\/v2\/pages\/9"}],"collection":[{"href":"https:\/\/www.physio-fenzl.at\/wordpress\/wp-json\/wp\/v2\/pages"}],"about":[{"href":"https:\/\/www.physio-fenzl.at\/wordpress\/wp-json\/wp\/v2\/types\/page"}],"author":[{"embeddable":true,"href":"https:\/\/www.physio-fenzl.at\/wordpress\/wp-json\/wp\/v2\/users\/1"}],"replies":[{"embeddable":true,"href":"https:\/\/www.physio-fenzl.at\/wordpress\/wp-json\/wp\/v2\/comments?post=9"}],"version-history":[{"count":15,"href":"https:\/\/www.physio-fenzl.at\/wordpress\/wp-json\/wp\/v2\/pages\/9\/revisions"}],"predecessor-version":[{"id":152,"href":"https:\/\/www.physio-fenzl.at\/wordpress\/wp-json\/wp\/v2\/pages\/9\/revisions\/152"}],"wp:attachment":[{"href":"https:\/\/www.physio-fenzl.at\/wordpress\/wp-json\/wp\/v2\/media?parent=9"}],"curies":[{"name":"wp","href":"https:\/\/api.w.org\/{rel}","templated":true}]}}