{"id":33,"date":"2019-06-27T13:47:06","date_gmt":"2019-06-27T11:47:06","guid":{"rendered":"http:\/\/physio-fenzl.at\/wordpress\/?page_id=33"},"modified":"2021-04-08T19:21:39","modified_gmt":"2021-04-08T17:21:39","slug":"wissenschaft-und-evidenz-der-therapie","status":"publish","type":"page","link":"https:\/\/www.physio-fenzl.at\/wordpress\/wissenschaft-und-evidenz-der-therapie\/","title":{"rendered":"Wissenschaft und Evidenz der Therapie"},"content":{"rendered":"\n<p>Was sagt die Wissenschaft?<\/p>\n\n\n\n<h4>&#8211;> Physiotherapie bei COVID Patienten, ein wichtiges Mittel f\u00fcr optimale Rehabilitation<br><\/h4>\n\n\n\n<p><a href=\"https:\/\/pubmed.ncbi.nlm.nih.gov\/32315802\/\">The role of physical and rehabilitation medicine in the COVID-19 pandemic: The clinician&#8217;s view &#8211; PubMed (nih.gov)<\/a><\/p>\n\n\n\n<p><a href=\"https:\/\/pubmed.ncbi.nlm.nih.gov\/32618600\/\">Care for patients with musculoskeletal pain during the COVID-19 pandemic: Physical therapy and rehabilitation suggestions for pain management &#8211; PubMed (nih.gov)<\/a><\/p>\n\n\n\n<p><a href=\"https:\/\/pubmed.ncbi.nlm.nih.gov\/32541352\/\">Physical Medicine and Rehabilitation and Pulmonary Rehabilitation for COVID-19 &#8211; PubMed (nih.gov)<\/a><\/p>\n\n\n\n<p><strong><em>\u2013&gt; PEP Therapie ben\u00f6tigt die richtige Anleitung um effektiv zu sein:<\/em><\/strong><br><a href=\"https:\/\/www.ncbi.nlm.nih.gov\/pubmed\/25573419\">https:\/\/www.ncbi.nlm.nih.gov\/pubmed\/25573419<\/a><\/p>\n\n\n\n<p><strong>\u2013&gt; Regelm\u00e4\u00dfiges PEP- Training verbessert die Atemnotsituation, das generelle Wohlbefinden und verringert Exacerbationsraten.:<\/strong><\/p>\n\n\n\n<p><a href=\"https:\/\/www.ncbi.nlm.nih.gov\/pubmed\/27867566\">https:\/\/www.ncbi.nlm.nih.gov\/pubmed\/27867566<\/a><\/p>\n\n\n\n<p><strong>\u2013&gt; Regelm\u00e4\u00dfige PEP Therapie erh\u00f6ht die Gehstrecke im 6 Minuten Gehtest<\/strong><\/p>\n\n\n\n<p><a href=\"https:\/\/www.ncbi.nlm.nih.gov\/pubmed\/23497658\">https:\/\/www.ncbi.nlm.nih.gov\/pubmed\/23497658<\/a><\/p>\n\n\n\n<p><strong>\u2013&gt; Richtige Inhalationstherapie erh\u00f6ht die Lebensqualit\u00e4t und Lungenfunktion<\/strong><\/p>\n\n\n\n<p><a href=\"https:\/\/www.ncbi.nlm.nih.gov\/pubmed\/30509268\">https:\/\/www.ncbi.nlm.nih.gov\/pubmed\/30509268<\/a><\/p>\n","protected":false},"excerpt":{"rendered":"<p>Was sagt die Wissenschaft? &#8211;> Physiotherapie bei COVID Patienten, ein wichtiges Mittel f\u00fcr optimale Rehabilitation The role of physical and rehabilitation medicine in the COVID-19 pandemic: The clinician&#8217;s view &#8211; PubMed (nih.gov) Care for patients with musculoskeletal pain during the COVID-19 pandemic: Physical therapy and rehabilitation suggestions for pain management &#8211; PubMed (nih.gov) Physical Medicine&nbsp;&hellip;<\/p>\n","protected":false},"author":1,"featured_media":0,"parent":0,"menu_order":0,"comment_status":"closed","ping_status":"closed","template":"","meta":[],"yoast_head":"<!-- This site is optimized with the Yoast SEO plugin v19.6 - https:\/\/yoast.com\/wordpress\/plugins\/seo\/ -->\n<title>Wissenschaft und Evidenz der Therapie - Marcel Fenzl Physiotherapie<\/title>\n<meta name=\"robots\" content=\"index, follow, max-snippet:-1, max-image-preview:large, max-video-preview:-1\" \/>\n<link rel=\"canonical\" href=\"https:\/\/www.physio-fenzl.at\/wordpress\/wissenschaft-und-evidenz-der-therapie\/\" \/>\n<meta property=\"og:locale\" content=\"de_DE\" \/>\n<meta property=\"og:type\" content=\"article\" \/>\n<meta property=\"og:title\" content=\"Wissenschaft und Evidenz der Therapie - Marcel Fenzl Physiotherapie\" \/>\n<meta property=\"og:description\" content=\"Was sagt die Wissenschaft? &#8211;&gt; Physiotherapie bei COVID Patienten, ein wichtiges Mittel f\u00fcr optimale Rehabilitation The role of physical and rehabilitation medicine in the COVID-19 pandemic: The clinician&#8217;s view &#8211; PubMed (nih.gov) Care for patients with musculoskeletal pain during the COVID-19 pandemic: Physical therapy and rehabilitation suggestions for pain management &#8211; PubMed (nih.gov) Physical Medicine&nbsp;&hellip;\" \/>\n<meta property=\"og:url\" content=\"https:\/\/www.physio-fenzl.at\/wordpress\/wissenschaft-und-evidenz-der-therapie\/\" \/>\n<meta property=\"og:site_name\" content=\"Marcel Fenzl Physiotherapie\" \/>\n<meta property=\"article:modified_time\" content=\"2021-04-08T17:21:39+00:00\" \/>\n<meta name=\"twitter:card\" content=\"summary_large_image\" \/>\n<meta name=\"twitter:label1\" content=\"Gesch\u00e4tzte Lesezeit\" \/>\n\t<meta name=\"twitter:data1\" content=\"1 Minute\" \/>\n<script type=\"application\/ld+json\" class=\"yoast-schema-graph\">{\"@context\":\"https:\/\/schema.org\",\"@graph\":[{\"@type\":\"WebPage\",\"@id\":\"https:\/\/www.physio-fenzl.at\/wordpress\/wissenschaft-und-evidenz-der-therapie\/\",\"url\":\"https:\/\/www.physio-fenzl.at\/wordpress\/wissenschaft-und-evidenz-der-therapie\/\",\"name\":\"Wissenschaft und Evidenz der Therapie - Marcel Fenzl Physiotherapie\",\"isPartOf\":{\"@id\":\"https:\/\/www.physio-fenzl.at\/wordpress\/#website\"},\"datePublished\":\"2019-06-27T11:47:06+00:00\",\"dateModified\":\"2021-04-08T17:21:39+00:00\",\"breadcrumb\":{\"@id\":\"https:\/\/www.physio-fenzl.at\/wordpress\/wissenschaft-und-evidenz-der-therapie\/#breadcrumb\"},\"inLanguage\":\"de-AT\",\"potentialAction\":[{\"@type\":\"ReadAction\",\"target\":[\"https:\/\/www.physio-fenzl.at\/wordpress\/wissenschaft-und-evidenz-der-therapie\/\"]}]},{\"@type\":\"BreadcrumbList\",\"@id\":\"https:\/\/www.physio-fenzl.at\/wordpress\/wissenschaft-und-evidenz-der-therapie\/#breadcrumb\",\"itemListElement\":[{\"@type\":\"ListItem\",\"position\":1,\"name\":\"Home\",\"item\":\"https:\/\/www.physio-fenzl.at\/wordpress\/\"},{\"@type\":\"ListItem\",\"position\":2,\"name\":\"Wissenschaft und Evidenz der Therapie\"}]},{\"@type\":\"WebSite\",\"@id\":\"https:\/\/www.physio-fenzl.at\/wordpress\/#website\",\"url\":\"https:\/\/www.physio-fenzl.at\/wordpress\/\",\"name\":\"Marcel Fenzl Physiotherapie\",\"description\":\"Osteopath i. A., Atemtherapie and more\",\"potentialAction\":[{\"@type\":\"SearchAction\",\"target\":{\"@type\":\"EntryPoint\",\"urlTemplate\":\"https:\/\/www.physio-fenzl.at\/wordpress\/?s={search_term_string}\"},\"query-input\":\"required name=search_term_string\"}],\"inLanguage\":\"de-AT\"}]}<\/script>\n<!-- \/ Yoast SEO plugin. -->","yoast_head_json":{"title":"Wissenschaft und Evidenz der Therapie - Marcel Fenzl Physiotherapie","robots":{"index":"index","follow":"follow","max-snippet":"max-snippet:-1","max-image-preview":"max-image-preview:large","max-video-preview":"max-video-preview:-1"},"canonical":"https:\/\/www.physio-fenzl.at\/wordpress\/wissenschaft-und-evidenz-der-therapie\/","og_locale":"de_DE","og_type":"article","og_title":"Wissenschaft und Evidenz der Therapie - Marcel Fenzl Physiotherapie","og_description":"Was sagt die Wissenschaft? &#8211;> Physiotherapie bei COVID Patienten, ein wichtiges Mittel f\u00fcr optimale Rehabilitation The role of physical and rehabilitation medicine in the COVID-19 pandemic: The clinician&#8217;s view &#8211; PubMed (nih.gov) Care for patients with musculoskeletal pain during the COVID-19 pandemic: Physical therapy and rehabilitation suggestions for pain management &#8211; PubMed (nih.gov) Physical Medicine&nbsp;&hellip;","og_url":"https:\/\/www.physio-fenzl.at\/wordpress\/wissenschaft-und-evidenz-der-therapie\/","og_site_name":"Marcel Fenzl Physiotherapie","article_modified_time":"2021-04-08T17:21:39+00:00","twitter_card":"summary_large_image","twitter_misc":{"Gesch\u00e4tzte Lesezeit":"1 Minute"},"schema":{"@context":"https:\/\/schema.org","@graph":[{"@type":"WebPage","@id":"https:\/\/www.physio-fenzl.at\/wordpress\/wissenschaft-und-evidenz-der-therapie\/","url":"https:\/\/www.physio-fenzl.at\/wordpress\/wissenschaft-und-evidenz-der-therapie\/","name":"Wissenschaft und Evidenz der Therapie - Marcel Fenzl Physiotherapie","isPartOf":{"@id":"https:\/\/www.physio-fenzl.at\/wordpress\/#website"},"datePublished":"2019-06-27T11:47:06+00:00","dateModified":"2021-04-08T17:21:39+00:00","breadcrumb":{"@id":"https:\/\/www.physio-fenzl.at\/wordpress\/wissenschaft-und-evidenz-der-therapie\/#breadcrumb"},"inLanguage":"de-AT","potentialAction":[{"@type":"ReadAction","target":["https:\/\/www.physio-fenzl.at\/wordpress\/wissenschaft-und-evidenz-der-therapie\/"]}]},{"@type":"BreadcrumbList","@id":"https:\/\/www.physio-fenzl.at\/wordpress\/wissenschaft-und-evidenz-der-therapie\/#breadcrumb","itemListElement":[{"@type":"ListItem","position":1,"name":"Home","item":"https:\/\/www.physio-fenzl.at\/wordpress\/"},{"@type":"ListItem","position":2,"name":"Wissenschaft und Evidenz der Therapie"}]},{"@type":"WebSite","@id":"https:\/\/www.physio-fenzl.at\/wordpress\/#website","url":"https:\/\/www.physio-fenzl.at\/wordpress\/","name":"Marcel Fenzl Physiotherapie","description":"Osteopath i. A., Atemtherapie and more","potentialAction":[{"@type":"SearchAction","target":{"@type":"EntryPoint","urlTemplate":"https:\/\/www.physio-fenzl.at\/wordpress\/?s={search_term_string}"},"query-input":"required name=search_term_string"}],"inLanguage":"de-AT"}]}},"_links":{"self":[{"href":"https:\/\/www.physio-fenzl.at\/wordpress\/wp-json\/wp\/v2\/pages\/33"}],"collection":[{"href":"https:\/\/www.physio-fenzl.at\/wordpress\/wp-json\/wp\/v2\/pages"}],"about":[{"href":"https:\/\/www.physio-fenzl.at\/wordpress\/wp-json\/wp\/v2\/types\/page"}],"author":[{"embeddable":true,"href":"https:\/\/www.physio-fenzl.at\/wordpress\/wp-json\/wp\/v2\/users\/1"}],"replies":[{"embeddable":true,"href":"https:\/\/www.physio-fenzl.at\/wordpress\/wp-json\/wp\/v2\/comments?post=33"}],"version-history":[{"count":3,"href":"https:\/\/www.physio-fenzl.at\/wordpress\/wp-json\/wp\/v2\/pages\/33\/revisions"}],"predecessor-version":[{"id":120,"href":"https:\/\/www.physio-fenzl.at\/wordpress\/wp-json\/wp\/v2\/pages\/33\/revisions\/120"}],"wp:attachment":[{"href":"https:\/\/www.physio-fenzl.at\/wordpress\/wp-json\/wp\/v2\/media?parent=33"}],"curies":[{"name":"wp","href":"https:\/\/api.w.org\/{rel}","templated":true}]}}