{"id":129,"date":"2022-12-12T15:55:43","date_gmt":"2022-12-12T14:55:43","guid":{"rendered":"https:\/\/www.physio-fenzl.at\/wordpress\/?page_id=129"},"modified":"2022-12-18T10:51:45","modified_gmt":"2022-12-18T09:51:45","slug":"wundversorgung","status":"publish","type":"page","link":"https:\/\/www.physio-fenzl.at\/wordpress\/wundversorgung\/","title":{"rendered":"Wundversorgung"},"content":{"rendered":"\n<h2>Sie haben Fragen zur<br>Pflege?<\/h2>\n\n\n\n<h2><br>Sie ben\u00f6tigen Hilfe bei<br>der Wundversorgung?<\/h2>\n\n\n\n<p>Mein Name ist Ruth Fenzl und ich bin seit \u00fcber 30<br>Jahren im Pflegeberuf t\u00e4tig. Sie haben Fragen zur<br>Pflege und Betreuung Ihres Angeh\u00f6rigen oder<br>ben\u00f6tigen fachliche Hilfe beim Wechsel von<br>Verb\u00e4nden oder beim<br>Medikamentenmanagement? Dann kann ich Ihnen<br>m\u00f6glicherweise behilflich sein.<\/p>\n\n\n\n<h2><br><strong>Meine Angebote sind:<\/strong><\/h2>\n\n\n\n<p><\/p>\n\n\n\n<p><\/p>\n\n\n\n<div class=\"wp-container-7 wp-block-columns alignwide\">\n<div class=\"wp-container-2 wp-elements-f177d235659ec540abf9066dd88e22e9 wp-block-column has-text-color has-background has-link-color\" style=\"background-color:#ffe97d;color:#000000;padding-top:2em;padding-right:2em;padding-bottom:2em;padding-left:2em\">\n<h2 id=\"single\" style=\"font-size:40px\">Pflege-beratung<\/h2>\n\n\n\n<p class=\"has-normal-font-size\" style=\"line-height:1.5\"><strong>Welche Hilfsmittel,<br>Dienstleistungen gibt es, Pflegetipps am<br>Krankenbett<\/strong><\/p>\n\n\n\n<hr class=\"wp-block-separator has-text-color has-css-opacity has-background is-style-wide\" style=\"background-color:#000000;color:#000000\"\/>\n\n\n\n<div class=\"wp-container-1 is-horizontal is-content-justification-center wp-block-buttons alignfull\">\n<div class=\"wp-block-button has-custom-width wp-block-button__width-100\"><a class=\"wp-block-button__link has-white-color has-text-color has-background no-border-radius\" style=\"background-color:#000000\">Tarif \/ Stunde: 70,00 \u20ac<br>(Verrechnung pro<br>angefangener \u00bc Stunde)<br>Zuz\u00fcglich amtliches<br>Kilometer- Geld<\/a><\/div>\n<\/div>\n<\/div>\n\n\n\n<div class=\"wp-container-4 wp-elements-a07cf254a5e4fcff0fb6ba0a0c3bc226 wp-block-column has-text-color has-background has-link-color\" style=\"background-color:#d1d1e1;color:#000000;padding-top:2em;padding-right:2em;padding-bottom:2em;padding-left:2em\">\n<h2 id=\"family\" style=\"font-size:40px\">Demenz-beratung<\/h2>\n\n\n\n<p class=\"has-normal-font-size\" style=\"line-height:1.5\"><strong>Informationen zum Verlauf<br>der Demenz, Tipps zum Umgang mit<br>herausforderndem Verhalten<br>Unterst\u00fctzung beim.<\/strong><\/p>\n\n\n\n<hr class=\"wp-block-separator has-css-opacity is-style-wide\"\/>\n\n\n\n<div class=\"wp-container-3 is-horizontal is-content-justification-center wp-block-buttons alignfull\">\n<div class=\"wp-block-button has-custom-width wp-block-button__width-100 is-style-fill\"><a class=\"wp-block-button__link has-white-color has-text-color has-background no-border-radius\" style=\"background-color:#000000\">Tarif \/ Stunde: 70,00 \u20ac<br>(Verrechnung pro<br>angefangener \u00bc Stunde)<br>Zuz\u00fcglich amtliches<br>Kilometer- Geld<\/a><\/div>\n<\/div>\n<\/div>\n\n\n\n<div class=\"wp-container-6 wp-elements-3451e19fe1003a63e72b2528f89b9797 wp-block-column has-text-color has-background has-link-color\" style=\"background-color:#c0ebf1;color:#000000;padding-top:2em;padding-right:2em;padding-bottom:2em;padding-left:2em\">\n<h2 id=\"patron\" style=\"font-size:40px\">Medikamenten-management<\/h2>\n\n\n\n<p class=\"has-normal-font-size\"><strong>w\u00f6chentliche<br>Medikamentendispensierung<br>(-vorbereitung)<\/strong><\/p>\n\n\n\n<hr class=\"wp-block-separator has-css-opacity is-style-wide\"\/>\n\n\n\n<div class=\"wp-container-5 is-horizontal is-content-justification-center wp-block-buttons alignfull\">\n<div class=\"wp-block-button has-custom-width wp-block-button__width-100\"><a class=\"wp-block-button__link has-white-color has-text-color has-background no-border-radius\" style=\"background-color:#000000\">Tarif \/ Stunde: 70,00 \u20ac<br>(Verrechnung pro<br>angefangener \u00bc Stunde)<br>Zuz\u00fcglich amtliches<br>Kilometer- Geld<\/a><\/div>\n<\/div>\n<\/div>\n<\/div>\n\n\n\n<div class=\"wp-container-10 wp-block-columns alignwide\">\n<div class=\"wp-container-9 wp-elements-12ef893a6d874ed97e3e0b8eee21ce3b wp-block-column has-text-color has-background has-link-color\" style=\"background-color:#ffe97d;color:#000000;padding-top:2em;padding-right:2em;padding-bottom:2em;padding-left:2em\">\n<h2 id=\"single\" style=\"font-size:40px\">Wundversorgung<\/h2>\n\n\n\n<p class=\"has-normal-font-size\" style=\"line-height:1.5\"><strong>Schulung von Angeh\u00f6rigen<br>bzw. \u00dcbernahme der Wundversorgung bei akuten<br>und chronischen Wunden <\/strong><\/p>\n\n\n\n<hr class=\"wp-block-separator has-text-color has-css-opacity has-background is-style-wide\" style=\"background-color:#000000;color:#000000\"\/>\n\n\n\n<div class=\"wp-container-8 is-horizontal is-content-justification-center wp-block-buttons alignfull\">\n<div class=\"wp-block-button has-custom-width wp-block-button__width-100\"><a class=\"wp-block-button__link has-white-color has-text-color has-background no-border-radius\" style=\"background-color:#000000\">Tarif \/ Stunde: 70,00 \u20ac<br>(Verrechnung pro<br>angefangener \u00bc Stunde)<br>Zuz\u00fcglich amtliches<br>Kilometer- Geld<\/a><\/div>\n<\/div>\n<\/div>\n<\/div>\n\n\n\n<div class=\"wp-block-media-text alignfull is-stacked-on-mobile is-vertically-aligned-center\" style=\"grid-template-columns:28% auto\"><figure class=\"wp-block-media-text__media\"><img loading=\"lazy\" width=\"681\" height=\"1024\" src=\"https:\/\/www.physio-fenzl.at\/wordpress\/wp-content\/uploads\/2022\/12\/Ruth-bild-681x1024.jpg\" alt=\"\" class=\"wp-image-144 size-full\" srcset=\"https:\/\/www.physio-fenzl.at\/wordpress\/wp-content\/uploads\/2022\/12\/Ruth-bild-681x1024.jpg 681w, https:\/\/www.physio-fenzl.at\/wordpress\/wp-content\/uploads\/2022\/12\/Ruth-bild-200x300.jpg 200w, https:\/\/www.physio-fenzl.at\/wordpress\/wp-content\/uploads\/2022\/12\/Ruth-bild-768x1154.jpg 768w, https:\/\/www.physio-fenzl.at\/wordpress\/wp-content\/uploads\/2022\/12\/Ruth-bild-1022x1536.jpg 1022w, https:\/\/www.physio-fenzl.at\/wordpress\/wp-content\/uploads\/2022\/12\/Ruth-bild-1232x1851.jpg 1232w, https:\/\/www.physio-fenzl.at\/wordpress\/wp-content\/uploads\/2022\/12\/Ruth-bild-719x1080.jpg 719w, https:\/\/www.physio-fenzl.at\/wordpress\/wp-content\/uploads\/2022\/12\/Ruth-bild.jpg 1239w\" sizes=\"(max-width: 681px) 100vw, 681px\" \/><\/figure><div class=\"wp-block-media-text__content\">\n<p>4062 Kirchberg Thening<\/p>\n\n\n\n<p>Telefon: 069914012346<\/p>\n\n\n\n<p>Mail: <a href=\"mailto:ruth_fenzl@gmx.at\">ruth_fenzl@gmx.at<\/a><\/p>\n\n\n\n<p><strong>Zur fachlichen Expertise:<\/strong><br>Ruth M. Fenzl, MA MBA<br>DGKP, Gerontologin,<br>Pflegep\u00e4dagogin, Ethikberatung<br>im Gesundheitswesen<\/p>\n<\/div><\/div>\n","protected":false},"excerpt":{"rendered":"<p>Sie haben Fragen zurPflege? Sie ben\u00f6tigen Hilfe beider Wundversorgung? Mein Name ist Ruth Fenzl und ich bin seit \u00fcber 30Jahren im Pflegeberuf t\u00e4tig. Sie haben Fragen zurPflege und Betreuung Ihres Angeh\u00f6rigen oderben\u00f6tigen fachliche Hilfe beim Wechsel vonVerb\u00e4nden oder beimMedikamentenmanagement? Dann kann ich Ihnenm\u00f6glicherweise behilflich sein. Meine Angebote sind: Pflege-beratung Welche Hilfsmittel,Dienstleistungen gibt es, Pflegetipps amKrankenbett&nbsp;&hellip;<\/p>\n","protected":false},"author":1,"featured_media":0,"parent":0,"menu_order":0,"comment_status":"closed","ping_status":"closed","template":"","meta":[],"yoast_head":"<!-- This site is optimized with the Yoast SEO plugin v19.6 - https:\/\/yoast.com\/wordpress\/plugins\/seo\/ -->\n<title>Wundversorgung - Marcel Fenzl Physiotherapie %<\/title>\n<meta name=\"robots\" content=\"index, follow, max-snippet:-1, max-image-preview:large, max-video-preview:-1\" \/>\n<link rel=\"canonical\" href=\"https:\/\/www.physio-fenzl.at\/wordpress\/wundversorgung\/\" \/>\n<meta property=\"og:locale\" content=\"de_DE\" \/>\n<meta property=\"og:type\" content=\"article\" \/>\n<meta property=\"og:title\" content=\"Wundversorgung - Marcel Fenzl Physiotherapie %\" \/>\n<meta property=\"og:description\" content=\"Sie haben Fragen zurPflege? Sie ben\u00f6tigen Hilfe beider Wundversorgung? Mein Name ist Ruth Fenzl und ich bin seit \u00fcber 30Jahren im Pflegeberuf t\u00e4tig. Sie haben Fragen zurPflege und Betreuung Ihres Angeh\u00f6rigen oderben\u00f6tigen fachliche Hilfe beim Wechsel vonVerb\u00e4nden oder beimMedikamentenmanagement? Dann kann ich Ihnenm\u00f6glicherweise behilflich sein. Meine Angebote sind: Pflege-beratung Welche Hilfsmittel,Dienstleistungen gibt es, Pflegetipps amKrankenbett&nbsp;&hellip;\" \/>\n<meta property=\"og:url\" content=\"https:\/\/www.physio-fenzl.at\/wordpress\/wundversorgung\/\" \/>\n<meta property=\"og:site_name\" content=\"Marcel Fenzl Physiotherapie\" \/>\n<meta property=\"article:modified_time\" content=\"2022-12-18T09:51:45+00:00\" \/>\n<meta property=\"og:image\" content=\"https:\/\/www.physio-fenzl.at\/wordpress\/wp-content\/uploads\/2022\/12\/Ruth-bild-681x1024.jpg\" \/>\n<meta name=\"twitter:card\" content=\"summary_large_image\" \/>\n<meta name=\"twitter:label1\" content=\"Gesch\u00e4tzte Lesezeit\" \/>\n\t<meta name=\"twitter:data1\" content=\"2 Minuten\" \/>\n<script type=\"application\/ld+json\" class=\"yoast-schema-graph\">{\"@context\":\"https:\/\/schema.org\",\"@graph\":[{\"@type\":\"WebPage\",\"@id\":\"https:\/\/www.physio-fenzl.at\/wordpress\/wundversorgung\/\",\"url\":\"https:\/\/www.physio-fenzl.at\/wordpress\/wundversorgung\/\",\"name\":\"Wundversorgung - Marcel Fenzl Physiotherapie %\",\"isPartOf\":{\"@id\":\"https:\/\/www.physio-fenzl.at\/wordpress\/#website\"},\"datePublished\":\"2022-12-12T14:55:43+00:00\",\"dateModified\":\"2022-12-18T09:51:45+00:00\",\"breadcrumb\":{\"@id\":\"https:\/\/www.physio-fenzl.at\/wordpress\/wundversorgung\/#breadcrumb\"},\"inLanguage\":\"de-AT\",\"potentialAction\":[{\"@type\":\"ReadAction\",\"target\":[\"https:\/\/www.physio-fenzl.at\/wordpress\/wundversorgung\/\"]}]},{\"@type\":\"BreadcrumbList\",\"@id\":\"https:\/\/www.physio-fenzl.at\/wordpress\/wundversorgung\/#breadcrumb\",\"itemListElement\":[{\"@type\":\"ListItem\",\"position\":1,\"name\":\"Home\",\"item\":\"https:\/\/www.physio-fenzl.at\/wordpress\/\"},{\"@type\":\"ListItem\",\"position\":2,\"name\":\"Wundversorgung\"}]},{\"@type\":\"WebSite\",\"@id\":\"https:\/\/www.physio-fenzl.at\/wordpress\/#website\",\"url\":\"https:\/\/www.physio-fenzl.at\/wordpress\/\",\"name\":\"Marcel Fenzl Physiotherapie\",\"description\":\"Osteopath i. A., Atemtherapie and more\",\"potentialAction\":[{\"@type\":\"SearchAction\",\"target\":{\"@type\":\"EntryPoint\",\"urlTemplate\":\"https:\/\/www.physio-fenzl.at\/wordpress\/?s={search_term_string}\"},\"query-input\":\"required name=search_term_string\"}],\"inLanguage\":\"de-AT\"}]}<\/script>\n<!-- \/ Yoast SEO plugin. -->","yoast_head_json":{"title":"Wundversorgung - Marcel Fenzl Physiotherapie %","robots":{"index":"index","follow":"follow","max-snippet":"max-snippet:-1","max-image-preview":"max-image-preview:large","max-video-preview":"max-video-preview:-1"},"canonical":"https:\/\/www.physio-fenzl.at\/wordpress\/wundversorgung\/","og_locale":"de_DE","og_type":"article","og_title":"Wundversorgung - Marcel Fenzl Physiotherapie %","og_description":"Sie haben Fragen zurPflege? Sie ben\u00f6tigen Hilfe beider Wundversorgung? Mein Name ist Ruth Fenzl und ich bin seit \u00fcber 30Jahren im Pflegeberuf t\u00e4tig. Sie haben Fragen zurPflege und Betreuung Ihres Angeh\u00f6rigen oderben\u00f6tigen fachliche Hilfe beim Wechsel vonVerb\u00e4nden oder beimMedikamentenmanagement? Dann kann ich Ihnenm\u00f6glicherweise behilflich sein. Meine Angebote sind: Pflege-beratung Welche Hilfsmittel,Dienstleistungen gibt es, Pflegetipps amKrankenbett&nbsp;&hellip;","og_url":"https:\/\/www.physio-fenzl.at\/wordpress\/wundversorgung\/","og_site_name":"Marcel Fenzl Physiotherapie","article_modified_time":"2022-12-18T09:51:45+00:00","og_image":[{"url":"https:\/\/www.physio-fenzl.at\/wordpress\/wp-content\/uploads\/2022\/12\/Ruth-bild-681x1024.jpg"}],"twitter_card":"summary_large_image","twitter_misc":{"Gesch\u00e4tzte Lesezeit":"2 Minuten"},"schema":{"@context":"https:\/\/schema.org","@graph":[{"@type":"WebPage","@id":"https:\/\/www.physio-fenzl.at\/wordpress\/wundversorgung\/","url":"https:\/\/www.physio-fenzl.at\/wordpress\/wundversorgung\/","name":"Wundversorgung - Marcel Fenzl Physiotherapie %","isPartOf":{"@id":"https:\/\/www.physio-fenzl.at\/wordpress\/#website"},"datePublished":"2022-12-12T14:55:43+00:00","dateModified":"2022-12-18T09:51:45+00:00","breadcrumb":{"@id":"https:\/\/www.physio-fenzl.at\/wordpress\/wundversorgung\/#breadcrumb"},"inLanguage":"de-AT","potentialAction":[{"@type":"ReadAction","target":["https:\/\/www.physio-fenzl.at\/wordpress\/wundversorgung\/"]}]},{"@type":"BreadcrumbList","@id":"https:\/\/www.physio-fenzl.at\/wordpress\/wundversorgung\/#breadcrumb","itemListElement":[{"@type":"ListItem","position":1,"name":"Home","item":"https:\/\/www.physio-fenzl.at\/wordpress\/"},{"@type":"ListItem","position":2,"name":"Wundversorgung"}]},{"@type":"WebSite","@id":"https:\/\/www.physio-fenzl.at\/wordpress\/#website","url":"https:\/\/www.physio-fenzl.at\/wordpress\/","name":"Marcel Fenzl Physiotherapie","description":"Osteopath i. A., Atemtherapie and more","potentialAction":[{"@type":"SearchAction","target":{"@type":"EntryPoint","urlTemplate":"https:\/\/www.physio-fenzl.at\/wordpress\/?s={search_term_string}"},"query-input":"required name=search_term_string"}],"inLanguage":"de-AT"}]}},"_links":{"self":[{"href":"https:\/\/www.physio-fenzl.at\/wordpress\/wp-json\/wp\/v2\/pages\/129"}],"collection":[{"href":"https:\/\/www.physio-fenzl.at\/wordpress\/wp-json\/wp\/v2\/pages"}],"about":[{"href":"https:\/\/www.physio-fenzl.at\/wordpress\/wp-json\/wp\/v2\/types\/page"}],"author":[{"embeddable":true,"href":"https:\/\/www.physio-fenzl.at\/wordpress\/wp-json\/wp\/v2\/users\/1"}],"replies":[{"embeddable":true,"href":"https:\/\/www.physio-fenzl.at\/wordpress\/wp-json\/wp\/v2\/comments?post=129"}],"version-history":[{"count":4,"href":"https:\/\/www.physio-fenzl.at\/wordpress\/wp-json\/wp\/v2\/pages\/129\/revisions"}],"predecessor-version":[{"id":145,"href":"https:\/\/www.physio-fenzl.at\/wordpress\/wp-json\/wp\/v2\/pages\/129\/revisions\/145"}],"wp:attachment":[{"href":"https:\/\/www.physio-fenzl.at\/wordpress\/wp-json\/wp\/v2\/media?parent=129"}],"curies":[{"name":"wp","href":"https:\/\/api.w.org\/{rel}","templated":true}]}}